{"id":10,"date":"2021-10-06T10:34:13","date_gmt":"2021-10-06T08:34:13","guid":{"rendered":"https:\/\/homely-place.pl\/?page_id=10"},"modified":"2021-10-06T18:47:31","modified_gmt":"2021-10-06T16:47:31","slug":"strona-glowna","status":"publish","type":"page","link":"https:\/\/homely-place.pl\/","title":{"rendered":"Nasz cel"},"content":{"rendered":"\n[et_pb_section admin_label=&#8221;section&#8221;]\n\t\t\t[et_pb_row admin_label=&#8221;row&#8221;]\n\t\t\t\t[et_pb_column type=&#8221;4_4&#8243;][et_pb_text admin_label=&#8221;Text&#8221;]<!-- divi:paragraph -->\n<p>Witamy na stronie! To jest strona g\u0142\u00f3wna, kt\u00f3r\u0105 zobaczy wi\u0119kszo\u015b\u0107 odwiedzaj\u0105cych, kiedy b\u0119dzie odwiedza\u0107 twoj\u0105 witryn\u0119 po raz pierwszy.<\/p>\n<!-- \/divi:paragraph -->[\/et_pb_text][\/et_pb_column]\n\t\t\t[\/et_pb_row]\n\t\t[\/et_pb_section]\n","protected":false},"excerpt":{"rendered":"<p>Witamy na stronie! To jest strona g\u0142\u00f3wna, kt\u00f3r\u0105&#8230;<\/p>\n","protected":false},"author":1,"featured_media":0,"parent":0,"menu_order":0,"comment_status":"closed","ping_status":"closed","template":"","meta":{"_et_pb_use_builder":"on","_et_pb_old_content":"<!-- wp:paragraph -->\n<p>Witamy na stronie! To jest strona g\u0142\u00f3wna, kt\u00f3r\u0105 zobaczy wi\u0119kszo\u015b\u0107 odwiedzaj\u0105cych, kiedy b\u0119dzie odwiedza\u0107 twoj\u0105 witryn\u0119 po raz pierwszy.<\/p>\n<!-- \/wp:paragraph -->","_et_gb_content_width":"","footnotes":""},"class_list":["post-10","page","type-page","status-publish","hentry"],"yoast_head":"<!-- This site is optimized with the Yoast SEO plugin v25.4 - https:\/\/yoast.com\/wordpress\/plugins\/seo\/ -->\n<title>Nasz cel - Homely Place<\/title>\n<meta name=\"robots\" content=\"index, follow, max-snippet:-1, max-image-preview:large, max-video-preview:-1\" \/>\n<link rel=\"canonical\" href=\"https:\/\/homely-place.pl\/\" \/>\n<meta property=\"og:locale\" content=\"pl_PL\" \/>\n<meta property=\"og:type\" content=\"article\" \/>\n<meta property=\"og:title\" content=\"Nasz cel - Homely Place\" \/>\n<meta property=\"og:description\" content=\"Witamy na stronie! To jest strona g\u0142\u00f3wna, kt\u00f3r\u0105...\" \/>\n<meta property=\"og:url\" content=\"https:\/\/homely-place.pl\/\" \/>\n<meta property=\"og:site_name\" content=\"Homely Place\" \/>\n<meta property=\"article:modified_time\" content=\"2021-10-06T16:47:31+00:00\" \/>\n<meta name=\"twitter:card\" content=\"summary_large_image\" \/>\n<meta name=\"twitter:label1\" content=\"Szacowany czas czytania\" \/>\n\t<meta name=\"twitter:data1\" content=\"1 minuta\" \/>\n<script type=\"application\/ld+json\" class=\"yoast-schema-graph\">{\"@context\":\"https:\/\/schema.org\",\"@graph\":[{\"@type\":\"WebPage\",\"@id\":\"https:\/\/homely-place.pl\/\",\"url\":\"https:\/\/homely-place.pl\/\",\"name\":\"Nasz cel - Homely Place\",\"isPartOf\":{\"@id\":\"https:\/\/homely-place.pl\/#website\"},\"datePublished\":\"2021-10-06T08:34:13+00:00\",\"dateModified\":\"2021-10-06T16:47:31+00:00\",\"breadcrumb\":{\"@id\":\"https:\/\/homely-place.pl\/#breadcrumb\"},\"inLanguage\":\"pl-PL\",\"potentialAction\":[{\"@type\":\"ReadAction\",\"target\":[\"https:\/\/homely-place.pl\/\"]}]},{\"@type\":\"BreadcrumbList\",\"@id\":\"https:\/\/homely-place.pl\/#breadcrumb\",\"itemListElement\":[{\"@type\":\"ListItem\",\"position\":1,\"name\":\"Home\",\"item\":\"https:\/\/homely-place.pl\/\"},{\"@type\":\"ListItem\",\"position\":2,\"name\":\"Nasz cel\"}]},{\"@type\":\"WebSite\",\"@id\":\"https:\/\/homely-place.pl\/#website\",\"url\":\"https:\/\/homely-place.pl\/\",\"name\":\"Homely Place\",\"description\":\"Agencja Nieruchomo\u015bci\",\"publisher\":{\"@id\":\"https:\/\/homely-place.pl\/#organization\"},\"potentialAction\":[{\"@type\":\"SearchAction\",\"target\":{\"@type\":\"EntryPoint\",\"urlTemplate\":\"https:\/\/homely-place.pl\/?s={search_term_string}\"},\"query-input\":{\"@type\":\"PropertyValueSpecification\",\"valueRequired\":true,\"valueName\":\"search_term_string\"}}],\"inLanguage\":\"pl-PL\"},{\"@type\":\"Organization\",\"@id\":\"https:\/\/homely-place.pl\/#organization\",\"name\":\"Homely Place\",\"url\":\"https:\/\/homely-place.pl\/\",\"logo\":{\"@type\":\"ImageObject\",\"inLanguage\":\"pl-PL\",\"@id\":\"https:\/\/homely-place.pl\/#\/schema\/logo\/image\/\",\"url\":\"https:\/\/homely-place.pl\/wp-content\/uploads\/2021\/10\/cropped-Nowy-projekt-7.png\",\"contentUrl\":\"https:\/\/homely-place.pl\/wp-content\/uploads\/2021\/10\/cropped-Nowy-projekt-7.png\",\"width\":610,\"height\":250,\"caption\":\"Homely Place\"},\"image\":{\"@id\":\"https:\/\/homely-place.pl\/#\/schema\/logo\/image\/\"}}]}<\/script>\n<!-- \/ Yoast SEO plugin. -->","yoast_head_json":{"title":"Nasz cel - Homely Place","robots":{"index":"index","follow":"follow","max-snippet":"max-snippet:-1","max-image-preview":"max-image-preview:large","max-video-preview":"max-video-preview:-1"},"canonical":"https:\/\/homely-place.pl\/","og_locale":"pl_PL","og_type":"article","og_title":"Nasz cel - Homely Place","og_description":"Witamy na stronie! To jest strona g\u0142\u00f3wna, kt\u00f3r\u0105...","og_url":"https:\/\/homely-place.pl\/","og_site_name":"Homely Place","article_modified_time":"2021-10-06T16:47:31+00:00","twitter_card":"summary_large_image","twitter_misc":{"Szacowany czas czytania":"1 minuta"},"schema":{"@context":"https:\/\/schema.org","@graph":[{"@type":"WebPage","@id":"https:\/\/homely-place.pl\/","url":"https:\/\/homely-place.pl\/","name":"Nasz cel - Homely Place","isPartOf":{"@id":"https:\/\/homely-place.pl\/#website"},"datePublished":"2021-10-06T08:34:13+00:00","dateModified":"2021-10-06T16:47:31+00:00","breadcrumb":{"@id":"https:\/\/homely-place.pl\/#breadcrumb"},"inLanguage":"pl-PL","potentialAction":[{"@type":"ReadAction","target":["https:\/\/homely-place.pl\/"]}]},{"@type":"BreadcrumbList","@id":"https:\/\/homely-place.pl\/#breadcrumb","itemListElement":[{"@type":"ListItem","position":1,"name":"Home","item":"https:\/\/homely-place.pl\/"},{"@type":"ListItem","position":2,"name":"Nasz cel"}]},{"@type":"WebSite","@id":"https:\/\/homely-place.pl\/#website","url":"https:\/\/homely-place.pl\/","name":"Homely Place","description":"Agencja Nieruchomo\u015bci","publisher":{"@id":"https:\/\/homely-place.pl\/#organization"},"potentialAction":[{"@type":"SearchAction","target":{"@type":"EntryPoint","urlTemplate":"https:\/\/homely-place.pl\/?s={search_term_string}"},"query-input":{"@type":"PropertyValueSpecification","valueRequired":true,"valueName":"search_term_string"}}],"inLanguage":"pl-PL"},{"@type":"Organization","@id":"https:\/\/homely-place.pl\/#organization","name":"Homely Place","url":"https:\/\/homely-place.pl\/","logo":{"@type":"ImageObject","inLanguage":"pl-PL","@id":"https:\/\/homely-place.pl\/#\/schema\/logo\/image\/","url":"https:\/\/homely-place.pl\/wp-content\/uploads\/2021\/10\/cropped-Nowy-projekt-7.png","contentUrl":"https:\/\/homely-place.pl\/wp-content\/uploads\/2021\/10\/cropped-Nowy-projekt-7.png","width":610,"height":250,"caption":"Homely Place"},"image":{"@id":"https:\/\/homely-place.pl\/#\/schema\/logo\/image\/"}}]}},"_links":{"self":[{"href":"https:\/\/homely-place.pl\/index.php?rest_route=\/wp\/v2\/pages\/10","targetHints":{"allow":["GET"]}}],"collection":[{"href":"https:\/\/homely-place.pl\/index.php?rest_route=\/wp\/v2\/pages"}],"about":[{"href":"https:\/\/homely-place.pl\/index.php?rest_route=\/wp\/v2\/types\/page"}],"author":[{"embeddable":true,"href":"https:\/\/homely-place.pl\/index.php?rest_route=\/wp\/v2\/users\/1"}],"replies":[{"embeddable":true,"href":"https:\/\/homely-place.pl\/index.php?rest_route=%2Fwp%2Fv2%2Fcomments&post=10"}],"version-history":[{"count":3,"href":"https:\/\/homely-place.pl\/index.php?rest_route=\/wp\/v2\/pages\/10\/revisions"}],"predecessor-version":[{"id":65,"href":"https:\/\/homely-place.pl\/index.php?rest_route=\/wp\/v2\/pages\/10\/revisions\/65"}],"wp:attachment":[{"href":"https:\/\/homely-place.pl\/index.php?rest_route=%2Fwp%2Fv2%2Fmedia&parent=10"}],"curies":[{"name":"wp","href":"https:\/\/api.w.org\/{rel}","templated":true}]}}