{"id":12,"date":"2021-10-06T10:34:13","date_gmt":"2021-10-06T08:34:13","guid":{"rendered":"https:\/\/homely-place.pl\/?page_id=12"},"modified":"2021-10-06T18:44:22","modified_gmt":"2021-10-06T16:44:22","slug":"kontakt","status":"publish","type":"page","link":"https:\/\/homely-place.pl\/?page_id=12","title":{"rendered":"Kontakt"},"content":{"rendered":"<p>[et_pb_section fb_built=&#8221;1&#8243; admin_label=&#8221;Contact Form Section&#8221; _builder_version=&#8221;4.9.0&#8243; custom_padding=&#8221;0px||0px||true|false&#8221;][et_pb_row _builder_version=&#8221;3.25&#8243; custom_margin=&#8221;|||&#8221; custom_padding=&#8221;0px|||&#8221;][et_pb_column type=&#8221;4_4&#8243; _builder_version=&#8221;3.25&#8243; custom_padding=&#8221;|||&#8221; custom_padding__hover=&#8221;|||&#8221;][et_pb_text _builder_version=&#8221;4.9.0&#8243; _module_preset=&#8221;default&#8221;]<\/p>\n<p><strong>Telefon:\u00a0<\/strong><br \/>+48 793 138 004<\/p>\n<p><strong>Mail<\/strong><br \/>biuro@homely-place.pl<\/p>\n<p>[\/et_pb_text][\/et_pb_column][\/et_pb_row][\/et_pb_section][et_pb_section fb_built=&#8221;1&#8243; admin_label=&#8221;Contact Form Section&#8221; _builder_version=&#8221;4.9.0&#8243; custom_margin=&#8221;||||false|false&#8221; custom_padding=&#8221;||||false|false&#8221; hover_enabled=&#8221;0&#8243; sticky_enabled=&#8221;0&#8243;][et_pb_row _builder_version=&#8221;3.25&#8243;][et_pb_column type=&#8221;4_4&#8243; _builder_version=&#8221;3.25&#8243; custom_padding=&#8221;|||&#8221; custom_padding__hover=&#8221;|||&#8221;][et_pb_contact_form captcha=&#8221;off&#8221; email=&#8221;zuzanna@createyouronline.pl&#8221; custom_message=&#8221;%%Name%%||et_pb_line_break_holder||||et_pb_line_break_holder||%%Email%%||et_pb_line_break_holder||||et_pb_line_break_holder||%%Message%%&#8221; module_id=&#8221;et_pb_contact_form_0&#8243; _builder_version=&#8221;4.9.0&#8243; form_field_background_color=&#8221;rgba(0,0,0,0)&#8221; form_field_font_size=&#8221;15px&#8221; custom_button=&#8221;on&#8221; button_text_size=&#8221;18px&#8221; button_text_color=&#8221;#2a2a2a&#8221; button_border_color=&#8221;#2a2a2a&#8221; button_border_radius=&#8221;30px&#8221; button_letter_spacing=&#8221;2px&#8221; button_font=&#8221;Roboto|on||on|&#8221; button_use_icon=&#8221;off&#8221; animation_style=&#8221;fade&#8221; border_width_all=&#8221;1px&#8221; border_color_all=&#8221;rgba(0,0,0,0.12)&#8221; border_style_all=&#8221;solid&#8221; use_border_color=&#8221;on&#8221; border_color=&#8221;rgba(0,0,0,0.12)&#8221; form_background_color=&#8221;rgba(0,0,0,0)&#8221; button_text_color_hover=&#8221;#ffffff&#8221; button_bg_color_hover=&#8221;#ffb500&#8243; button_border_color_hover=&#8221;#ffb500&#8243; button_border_radius_hover=&#8221;30px&#8221; button_letter_spacing_hover=&#8221;2px&#8221;][et_pb_contact_field field_id=&#8221;Name&#8221; field_title=&#8221;Imi\u0119 i nazwisko&#8221; _builder_version=&#8221;4.9.0&#8243; button_text_size__hover_enabled=&#8221;off&#8221; button_one_text_size__hover_enabled=&#8221;off&#8221; button_two_text_size__hover_enabled=&#8221;off&#8221; button_text_color__hover_enabled=&#8221;off&#8221; button_one_text_color__hover_enabled=&#8221;off&#8221; button_two_text_color__hover_enabled=&#8221;off&#8221; button_border_width__hover_enabled=&#8221;off&#8221; button_one_border_width__hover_enabled=&#8221;off&#8221; button_two_border_width__hover_enabled=&#8221;off&#8221; button_border_color__hover_enabled=&#8221;off&#8221; button_one_border_color__hover_enabled=&#8221;off&#8221; button_two_border_color__hover_enabled=&#8221;off&#8221; button_border_radius__hover_enabled=&#8221;off&#8221; button_one_border_radius__hover_enabled=&#8221;off&#8221; button_two_border_radius__hover_enabled=&#8221;off&#8221; button_letter_spacing__hover_enabled=&#8221;off&#8221; button_one_letter_spacing__hover_enabled=&#8221;off&#8221; button_two_letter_spacing__hover_enabled=&#8221;off&#8221; button_bg_color__hover_enabled=&#8221;off&#8221; button_one_bg_color__hover_enabled=&#8221;off&#8221; button_two_bg_color__hover_enabled=&#8221;off&#8221;][\/et_pb_contact_field][et_pb_contact_field field_id=&#8221;Email&#8221; field_title=&#8221;Mail&#8221; field_type=&#8221;email&#8221; _builder_version=&#8221;4.9.0&#8243; button_text_size__hover_enabled=&#8221;off&#8221; button_one_text_size__hover_enabled=&#8221;off&#8221; button_two_text_size__hover_enabled=&#8221;off&#8221; button_text_color__hover_enabled=&#8221;off&#8221; button_one_text_color__hover_enabled=&#8221;off&#8221; button_two_text_color__hover_enabled=&#8221;off&#8221; button_border_width__hover_enabled=&#8221;off&#8221; button_one_border_width__hover_enabled=&#8221;off&#8221; button_two_border_width__hover_enabled=&#8221;off&#8221; button_border_color__hover_enabled=&#8221;off&#8221; button_one_border_color__hover_enabled=&#8221;off&#8221; button_two_border_color__hover_enabled=&#8221;off&#8221; button_border_radius__hover_enabled=&#8221;off&#8221; button_one_border_radius__hover_enabled=&#8221;off&#8221; button_two_border_radius__hover_enabled=&#8221;off&#8221; button_letter_spacing__hover_enabled=&#8221;off&#8221; button_one_letter_spacing__hover_enabled=&#8221;off&#8221; button_two_letter_spacing__hover_enabled=&#8221;off&#8221; button_bg_color__hover_enabled=&#8221;off&#8221; button_one_bg_color__hover_enabled=&#8221;off&#8221; button_two_bg_color__hover_enabled=&#8221;off&#8221;][\/et_pb_contact_field][et_pb_contact_field field_id=&#8221;Message&#8221; field_title=&#8221;W czym mo\u017cemy pom\u00f3c?&#8221; field_type=&#8221;text&#8221; fullwidth_field=&#8221;on&#8221; _builder_version=&#8221;4.9.0&#8243; button_text_size__hover_enabled=&#8221;off&#8221; button_one_text_size__hover_enabled=&#8221;off&#8221; button_two_text_size__hover_enabled=&#8221;off&#8221; button_text_color__hover_enabled=&#8221;off&#8221; button_one_text_color__hover_enabled=&#8221;off&#8221; button_two_text_color__hover_enabled=&#8221;off&#8221; button_border_width__hover_enabled=&#8221;off&#8221; button_one_border_width__hover_enabled=&#8221;off&#8221; button_two_border_width__hover_enabled=&#8221;off&#8221; button_border_color__hover_enabled=&#8221;off&#8221; button_one_border_color__hover_enabled=&#8221;off&#8221; button_two_border_color__hover_enabled=&#8221;off&#8221; button_border_radius__hover_enabled=&#8221;off&#8221; button_one_border_radius__hover_enabled=&#8221;off&#8221; button_two_border_radius__hover_enabled=&#8221;off&#8221; button_letter_spacing__hover_enabled=&#8221;off&#8221; button_one_letter_spacing__hover_enabled=&#8221;off&#8221; button_two_letter_spacing__hover_enabled=&#8221;off&#8221; button_bg_color__hover_enabled=&#8221;off&#8221; button_one_bg_color__hover_enabled=&#8221;off&#8221; button_two_bg_color__hover_enabled=&#8221;off&#8221;][\/et_pb_contact_field][\/et_pb_contact_form][\/et_pb_column][\/et_pb_row][\/et_pb_section]<\/p>\n","protected":false},"excerpt":{"rendered":"<p>Telefon:\u00a0+48 793 138 004 Mailbiuro@homely-place.pl&#8230;<\/p>\n","protected":false},"author":1,"featured_media":41,"parent":0,"menu_order":0,"comment_status":"closed","ping_status":"closed","template":"","meta":{"_et_pb_use_builder":"on","_et_pb_old_content":"<!-- wp:paragraph -->\n<p>Strona z podstawowymi informacjami kontaktowymi, takimi jak adres, numer telefonu. Mo\u017cna tak\u017ce spr\u00f3bowa\u0107 wtyczki, za pomoc\u0105 kt\u00f3rej dodamy formularz kontaktowy.<\/p>\n<!-- \/wp:paragraph -->","_et_gb_content_width":"","footnotes":""},"class_list":["post-12","page","type-page","status-publish","has-post-thumbnail","hentry"],"yoast_head":"<!-- This site is optimized with the Yoast SEO plugin v25.4 - https:\/\/yoast.com\/wordpress\/plugins\/seo\/ -->\n<title>Kontakt - Homely Place<\/title>\n<meta name=\"robots\" content=\"index, follow, max-snippet:-1, max-image-preview:large, max-video-preview:-1\" \/>\n<link rel=\"canonical\" href=\"https:\/\/homely-place.pl\/?page_id=12\" \/>\n<meta property=\"og:locale\" content=\"pl_PL\" \/>\n<meta property=\"og:type\" content=\"article\" \/>\n<meta property=\"og:title\" content=\"Kontakt - Homely Place\" \/>\n<meta property=\"og:description\" content=\"Telefon:\u00a0+48 793 138 004 Mailbiuro@homely-place.pl...\" \/>\n<meta property=\"og:url\" content=\"https:\/\/homely-place.pl\/?page_id=12\" \/>\n<meta property=\"og:site_name\" content=\"Homely Place\" \/>\n<meta property=\"article:modified_time\" content=\"2021-10-06T16:44:22+00:00\" \/>\n<meta property=\"og:image\" content=\"https:\/\/homely-place.pl\/wp-content\/uploads\/2021\/10\/realtor-handing-smiley-couple-the-keys-for-their-new-home-scaled.jpg\" \/>\n\t<meta property=\"og:image:width\" content=\"2560\" \/>\n\t<meta property=\"og:image:height\" content=\"1708\" \/>\n\t<meta property=\"og:image:type\" content=\"image\/jpeg\" \/>\n<meta name=\"twitter:card\" content=\"summary_large_image\" \/>\n<meta name=\"twitter:label1\" content=\"Szacowany czas czytania\" \/>\n\t<meta name=\"twitter:data1\" content=\"1 minuta\" \/>\n<script type=\"application\/ld+json\" class=\"yoast-schema-graph\">{\"@context\":\"https:\/\/schema.org\",\"@graph\":[{\"@type\":\"WebPage\",\"@id\":\"https:\/\/homely-place.pl\/?page_id=12\",\"url\":\"https:\/\/homely-place.pl\/?page_id=12\",\"name\":\"Kontakt - Homely Place\",\"isPartOf\":{\"@id\":\"https:\/\/homely-place.pl\/#website\"},\"primaryImageOfPage\":{\"@id\":\"https:\/\/homely-place.pl\/?page_id=12#primaryimage\"},\"image\":{\"@id\":\"https:\/\/homely-place.pl\/?page_id=12#primaryimage\"},\"thumbnailUrl\":\"https:\/\/homely-place.pl\/wp-content\/uploads\/2021\/10\/realtor-handing-smiley-couple-the-keys-for-their-new-home-scaled.jpg\",\"datePublished\":\"2021-10-06T08:34:13+00:00\",\"dateModified\":\"2021-10-06T16:44:22+00:00\",\"breadcrumb\":{\"@id\":\"https:\/\/homely-place.pl\/?page_id=12#breadcrumb\"},\"inLanguage\":\"pl-PL\",\"potentialAction\":[{\"@type\":\"ReadAction\",\"target\":[\"https:\/\/homely-place.pl\/?page_id=12\"]}]},{\"@type\":\"ImageObject\",\"inLanguage\":\"pl-PL\",\"@id\":\"https:\/\/homely-place.pl\/?page_id=12#primaryimage\",\"url\":\"https:\/\/homely-place.pl\/wp-content\/uploads\/2021\/10\/realtor-handing-smiley-couple-the-keys-for-their-new-home-scaled.jpg\",\"contentUrl\":\"https:\/\/homely-place.pl\/wp-content\/uploads\/2021\/10\/realtor-handing-smiley-couple-the-keys-for-their-new-home-scaled.jpg\",\"width\":2560,\"height\":1708},{\"@type\":\"BreadcrumbList\",\"@id\":\"https:\/\/homely-place.pl\/?page_id=12#breadcrumb\",\"itemListElement\":[{\"@type\":\"ListItem\",\"position\":1,\"name\":\"Home\",\"item\":\"https:\/\/homely-place.pl\/\"},{\"@type\":\"ListItem\",\"position\":2,\"name\":\"Kontakt\"}]},{\"@type\":\"WebSite\",\"@id\":\"https:\/\/homely-place.pl\/#website\",\"url\":\"https:\/\/homely-place.pl\/\",\"name\":\"Homely Place\",\"description\":\"Agencja Nieruchomo\u015bci\",\"publisher\":{\"@id\":\"https:\/\/homely-place.pl\/#organization\"},\"potentialAction\":[{\"@type\":\"SearchAction\",\"target\":{\"@type\":\"EntryPoint\",\"urlTemplate\":\"https:\/\/homely-place.pl\/?s={search_term_string}\"},\"query-input\":{\"@type\":\"PropertyValueSpecification\",\"valueRequired\":true,\"valueName\":\"search_term_string\"}}],\"inLanguage\":\"pl-PL\"},{\"@type\":\"Organization\",\"@id\":\"https:\/\/homely-place.pl\/#organization\",\"name\":\"Homely Place\",\"url\":\"https:\/\/homely-place.pl\/\",\"logo\":{\"@type\":\"ImageObject\",\"inLanguage\":\"pl-PL\",\"@id\":\"https:\/\/homely-place.pl\/#\/schema\/logo\/image\/\",\"url\":\"https:\/\/homely-place.pl\/wp-content\/uploads\/2021\/10\/cropped-Nowy-projekt-7.png\",\"contentUrl\":\"https:\/\/homely-place.pl\/wp-content\/uploads\/2021\/10\/cropped-Nowy-projekt-7.png\",\"width\":610,\"height\":250,\"caption\":\"Homely Place\"},\"image\":{\"@id\":\"https:\/\/homely-place.pl\/#\/schema\/logo\/image\/\"}}]}<\/script>\n<!-- \/ Yoast SEO plugin. -->","yoast_head_json":{"title":"Kontakt - Homely Place","robots":{"index":"index","follow":"follow","max-snippet":"max-snippet:-1","max-image-preview":"max-image-preview:large","max-video-preview":"max-video-preview:-1"},"canonical":"https:\/\/homely-place.pl\/?page_id=12","og_locale":"pl_PL","og_type":"article","og_title":"Kontakt - Homely Place","og_description":"Telefon:\u00a0+48 793 138 004 Mailbiuro@homely-place.pl...","og_url":"https:\/\/homely-place.pl\/?page_id=12","og_site_name":"Homely Place","article_modified_time":"2021-10-06T16:44:22+00:00","og_image":[{"width":2560,"height":1708,"url":"https:\/\/homely-place.pl\/wp-content\/uploads\/2021\/10\/realtor-handing-smiley-couple-the-keys-for-their-new-home-scaled.jpg","type":"image\/jpeg"}],"twitter_card":"summary_large_image","twitter_misc":{"Szacowany czas czytania":"1 minuta"},"schema":{"@context":"https:\/\/schema.org","@graph":[{"@type":"WebPage","@id":"https:\/\/homely-place.pl\/?page_id=12","url":"https:\/\/homely-place.pl\/?page_id=12","name":"Kontakt - Homely Place","isPartOf":{"@id":"https:\/\/homely-place.pl\/#website"},"primaryImageOfPage":{"@id":"https:\/\/homely-place.pl\/?page_id=12#primaryimage"},"image":{"@id":"https:\/\/homely-place.pl\/?page_id=12#primaryimage"},"thumbnailUrl":"https:\/\/homely-place.pl\/wp-content\/uploads\/2021\/10\/realtor-handing-smiley-couple-the-keys-for-their-new-home-scaled.jpg","datePublished":"2021-10-06T08:34:13+00:00","dateModified":"2021-10-06T16:44:22+00:00","breadcrumb":{"@id":"https:\/\/homely-place.pl\/?page_id=12#breadcrumb"},"inLanguage":"pl-PL","potentialAction":[{"@type":"ReadAction","target":["https:\/\/homely-place.pl\/?page_id=12"]}]},{"@type":"ImageObject","inLanguage":"pl-PL","@id":"https:\/\/homely-place.pl\/?page_id=12#primaryimage","url":"https:\/\/homely-place.pl\/wp-content\/uploads\/2021\/10\/realtor-handing-smiley-couple-the-keys-for-their-new-home-scaled.jpg","contentUrl":"https:\/\/homely-place.pl\/wp-content\/uploads\/2021\/10\/realtor-handing-smiley-couple-the-keys-for-their-new-home-scaled.jpg","width":2560,"height":1708},{"@type":"BreadcrumbList","@id":"https:\/\/homely-place.pl\/?page_id=12#breadcrumb","itemListElement":[{"@type":"ListItem","position":1,"name":"Home","item":"https:\/\/homely-place.pl\/"},{"@type":"ListItem","position":2,"name":"Kontakt"}]},{"@type":"WebSite","@id":"https:\/\/homely-place.pl\/#website","url":"https:\/\/homely-place.pl\/","name":"Homely Place","description":"Agencja Nieruchomo\u015bci","publisher":{"@id":"https:\/\/homely-place.pl\/#organization"},"potentialAction":[{"@type":"SearchAction","target":{"@type":"EntryPoint","urlTemplate":"https:\/\/homely-place.pl\/?s={search_term_string}"},"query-input":{"@type":"PropertyValueSpecification","valueRequired":true,"valueName":"search_term_string"}}],"inLanguage":"pl-PL"},{"@type":"Organization","@id":"https:\/\/homely-place.pl\/#organization","name":"Homely Place","url":"https:\/\/homely-place.pl\/","logo":{"@type":"ImageObject","inLanguage":"pl-PL","@id":"https:\/\/homely-place.pl\/#\/schema\/logo\/image\/","url":"https:\/\/homely-place.pl\/wp-content\/uploads\/2021\/10\/cropped-Nowy-projekt-7.png","contentUrl":"https:\/\/homely-place.pl\/wp-content\/uploads\/2021\/10\/cropped-Nowy-projekt-7.png","width":610,"height":250,"caption":"Homely Place"},"image":{"@id":"https:\/\/homely-place.pl\/#\/schema\/logo\/image\/"}}]}},"_links":{"self":[{"href":"https:\/\/homely-place.pl\/index.php?rest_route=\/wp\/v2\/pages\/12","targetHints":{"allow":["GET"]}}],"collection":[{"href":"https:\/\/homely-place.pl\/index.php?rest_route=\/wp\/v2\/pages"}],"about":[{"href":"https:\/\/homely-place.pl\/index.php?rest_route=\/wp\/v2\/types\/page"}],"author":[{"embeddable":true,"href":"https:\/\/homely-place.pl\/index.php?rest_route=\/wp\/v2\/users\/1"}],"replies":[{"embeddable":true,"href":"https:\/\/homely-place.pl\/index.php?rest_route=%2Fwp%2Fv2%2Fcomments&post=12"}],"version-history":[{"count":8,"href":"https:\/\/homely-place.pl\/index.php?rest_route=\/wp\/v2\/pages\/12\/revisions"}],"predecessor-version":[{"id":63,"href":"https:\/\/homely-place.pl\/index.php?rest_route=\/wp\/v2\/pages\/12\/revisions\/63"}],"wp:featuredmedia":[{"embeddable":true,"href":"https:\/\/homely-place.pl\/index.php?rest_route=\/wp\/v2\/media\/41"}],"wp:attachment":[{"href":"https:\/\/homely-place.pl\/index.php?rest_route=%2Fwp%2Fv2%2Fmedia&parent=12"}],"curies":[{"name":"wp","href":"https:\/\/api.w.org\/{rel}","templated":true}]}}